{"id":1292,"date":"2023-01-26T20:58:36","date_gmt":"2023-01-26T17:58:36","guid":{"rendered":"http:\/\/swartteknoloji.com.tr\/?page_id=1292"},"modified":"2023-08-23T13:18:33","modified_gmt":"2023-08-23T10:18:33","slug":"%da%86%db%86%d9%86-%d8%af%db%95%da%95%db%86%db%8c","status":"publish","type":"page","link":"https:\/\/ar.sankohastanesi.com.tr\/ar\/%da%86%db%86%d9%86-%d8%af%db%95%da%95%db%86%db%8c\/","title":{"rendered":"\u0686\u06c6\u0646 \u062f\u06d5\u0695\u06c6\u06cc"},"content":{"rendered":"\t\t<div data-elementor-type=\"wp-page\" data-elementor-id=\"1292\" class=\"elementor elementor-1292\">\n\t\t\t\t\t\t\t\t\t<section class=\"elementor-section elementor-top-section elementor-element elementor-element-ab138d8 elementor-section-boxed elementor-section-height-default elementor-section-height-default\" data-id=\"ab138d8\" data-element_type=\"section\" data-settings=\"{&quot;background_background&quot;:&quot;classic&quot;}\">\n\t\t\t\t\t\t\t<div class=\"elementor-background-overlay\"><\/div>\n\t\t\t\t\t\t\t<div class=\"elementor-container elementor-column-gap-default\">\n\t\t\t\t\t<div class=\"elementor-column elementor-col-100 elementor-top-column elementor-element elementor-element-f1f9872\" data-id=\"f1f9872\" data-element_type=\"column\">\n\t\t\t<div class=\"elementor-widget-wrap elementor-element-populated\">\n\t\t\t\t\t\t\t\t<div class=\"elementor-element elementor-element-4ea1f8f elementor-post-navigation-borders-yes elementor-widget elementor-widget-post-navigation\" data-id=\"4ea1f8f\" data-element_type=\"widget\" data-widget_type=\"post-navigation.default\">\n\t\t\t\t<div class=\"elementor-widget-container\">\n\t\t\t<link rel=\"stylesheet\" href=\"https:\/\/ar.sankohastanesi.com.tr\/wp-content\/plugins\/elementor-pro\/assets\/css\/widget-theme-elements-rtl.min.css\">\t\t<div class=\"elementor-post-navigation\">\n\t\t\t<div class=\"elementor-post-navigation__prev elementor-post-navigation__link\">\n\t\t\t\t<a href=\"https:\/\/ar.sankohastanesi.com.tr\/ar\/%d8%ae%d8%b2%d9%85%db%95%d8%aa%da%af%d9%88%d8%b2%d8%a7%d8%b1%db%8c%db%8c%db%95%da%a9%d8%a7%d9%86\/\" rel=\"prev\"><span class=\"post-navigation__arrow-wrapper post-navigation__arrow-prev\"><i class=\"fa fa-angle-right\" aria-hidden=\"true\"><\/i><span class=\"elementor-screen-only\">Prev<\/span><\/span><span class=\"elementor-post-navigation__link__prev\"><span class=\"post-navigation__prev--title\">\u062e\u0632\u0645\u06d5\u062a\u06af\u0648\u0632\u0627\u0631\u06cc\u06cc\u06d5\u06a9\u0627\u0646<\/span><\/span><\/a>\t\t\t<\/div>\n\t\t\t\t\t\t\t<div class=\"elementor-post-navigation__separator-wrapper\">\n\t\t\t\t\t<div class=\"elementor-post-navigation__separator\"><\/div>\n\t\t\t\t<\/div>\n\t\t\t\t\t\t<div class=\"elementor-post-navigation__next elementor-post-navigation__link\">\n\t\t\t\t<a href=\"https:\/\/ar.sankohastanesi.com.tr\/ar\/%d8%a6%d8%a7%d8%b3%d8%a7%db%8c%d8%b4\/\" rel=\"next\"><span class=\"elementor-post-navigation__link__next\"><span class=\"post-navigation__next--title\">\u0626\u0627\u0633\u0627\u06cc\u0634<\/span><\/span><span class=\"post-navigation__arrow-wrapper post-navigation__arrow-next\"><i class=\"fa fa-angle-left\" aria-hidden=\"true\"><\/i><span class=\"elementor-screen-only\">Next<\/span><\/span><\/a>\t\t\t<\/div>\n\t\t<\/div>\n\t\t\t\t<\/div>\n\t\t\t\t<\/div>\n\t\t\t\t\t<\/div>\n\t\t<\/div>\n\t\t\t\t\t\t\t<\/div>\n\t\t<\/section>\n\t\t\t\t<section class=\"elementor-section elementor-top-section elementor-element elementor-element-90791ec elementor-section-boxed elementor-section-height-default elementor-section-height-default\" data-id=\"90791ec\" data-element_type=\"section\">\n\t\t\t\t\t\t<div class=\"elementor-container elementor-column-gap-default\">\n\t\t\t\t\t<div class=\"elementor-column elementor-col-50 elementor-top-column elementor-element elementor-element-213aa7a\" data-id=\"213aa7a\" data-element_type=\"column\">\n\t\t\t<div class=\"elementor-widget-wrap elementor-element-populated\">\n\t\t\t\t\t\t\t\t<div class=\"elementor-element elementor-element-0ca8aad elementor-drop-cap-yes elementor-drop-cap-view-default elementor-widget elementor-widget-text-editor\" data-id=\"0ca8aad\" data-element_type=\"widget\" data-settings=\"{&quot;drop_cap&quot;:&quot;yes&quot;}\" data-widget_type=\"text-editor.default\">\n\t\t\t\t<div class=\"elementor-widget-container\">\n\t\t\t<style>\/*! elementor - v3.7.4 - 31-08-2022 *\/\n.elementor-widget-text-editor.elementor-drop-cap-view-stacked .elementor-drop-cap{background-color:#818a91;color:#fff}.elementor-widget-text-editor.elementor-drop-cap-view-framed .elementor-drop-cap{color:#818a91;border:3px solid;background-color:transparent}.elementor-widget-text-editor:not(.elementor-drop-cap-view-default) .elementor-drop-cap{margin-top:8px}.elementor-widget-text-editor:not(.elementor-drop-cap-view-default) .elementor-drop-cap-letter{width:1em;height:1em}.elementor-widget-text-editor .elementor-drop-cap{float:right;text-align:center;line-height:1;font-size:50px}.elementor-widget-text-editor .elementor-drop-cap-letter{display:inline-block}<\/style>\t\t\t\t<p><img decoding=\"async\" src=\"https:\/\/sankohastanesi.com.tr\/upload\/sayfa\/temp\/nasil-gidilir-resim-323447_w900_h500.jpg\" alt=\"How to go?\"><\/p>\n<div class=\"title-box\">\n<h2>\u0625\u0644\u064a\u062a\u0634\u064a\u0645 \u0628\u064a\u0644\u062c\u064a\u0631\u064a<\/h2>\n<\/div>\n<div class=\"single-info\">\n<p><span style=\"color: rgb(136, 136, 136); font-family: Barlow, sans-serif; font-size: 14px; text-align: left;\">\u0130ncilip\u0131nar Mah. 36020 Nolu Sok. No:2A \u015eehitkamil \/ Gaziantep<\/span><br><\/p>\n<\/div>\t\t\t\t\t\t<\/div>\n\t\t\t\t<\/div>\n\t\t\t\t<div class=\"elementor-element elementor-element-6754c42 elementor-widget elementor-widget-google_maps\" data-id=\"6754c42\" data-element_type=\"widget\" data-widget_type=\"google_maps.default\">\n\t\t\t\t<div class=\"elementor-widget-container\">\n\t\t\t<style>\/*! elementor - v3.7.4 - 31-08-2022 *\/\n.elementor-widget-google_maps .elementor-widget-container{overflow:hidden}.elementor-widget-google_maps iframe{height:300px}<\/style>\t\t<div class=\"elementor-custom-embed\">\n\t\t\t<iframe frameborder=\"0\" scrolling=\"no\" marginheight=\"0\" marginwidth=\"0\"\n\t\t\t\t\tsrc=\"https:\/\/maps.google.com\/maps?q=Sanko%20Hastanesi&#038;t=m&#038;z=10&#038;output=embed&#038;iwloc=near\"\n\t\t\t\t\ttitle=\"Sanko Hastanesi\"\n\t\t\t\t\taria-label=\"Sanko Hastanesi\"\n\t\t\t><\/iframe>\n\t\t<\/div>\n\t\t\t\t<\/div>\n\t\t\t\t<\/div>\n\t\t\t\t\t<\/div>\n\t\t<\/div>\n\t\t\t\t<div class=\"elementor-column elementor-col-50 elementor-top-column elementor-element elementor-element-8251638\" data-id=\"8251638\" data-element_type=\"column\">\n\t\t\t<div class=\"elementor-widget-wrap elementor-element-populated\">\n\t\t\t\t\t\t\t\t<div class=\"elementor-element elementor-element-08cd83c elementor-align-left elementor-icon-list--layout-traditional elementor-list-item-link-full_width elementor-widget elementor-widget-icon-list\" data-id=\"08cd83c\" data-element_type=\"widget\" data-widget_type=\"icon-list.default\">\n\t\t\t\t<div class=\"elementor-widget-container\">\n\t\t\t<link rel=\"stylesheet\" href=\"https:\/\/ar.sankohastanesi.com.tr\/wp-content\/plugins\/elementor\/assets\/css\/widget-icon-list-rtl.min.css\">\t\t<ul class=\"elementor-icon-list-items\">\n\t\t\t\t\t\t\t<li class=\"elementor-icon-list-item\">\n\t\t\t\t\t\t\t\t\t\t\t<a href=\"\/\u0686\u0627\u0648\u067e\u06ce\u062f\u0627\u062e\u0634\u0627\u0646\u062f\u0646\u06ce\u06a9\u06cc%20\u06af\u0634\u062a\u06cc\">\n\n\t\t\t\t\t\t\t\t\t\t\t\t<span class=\"elementor-icon-list-icon\">\n\t\t\t\t\t\t\t<i aria-hidden=\"true\" class=\"fas fa-folder-open\"><\/i>\t\t\t\t\t\t<\/span>\n\t\t\t\t\t\t\t\t\t\t<span class=\"elementor-icon-list-text\">\u0646\u0638\u0631\u0629 \u0639\u0627\u0645\u0629<\/span>\n\t\t\t\t\t\t\t\t\t\t\t<\/a>\n\t\t\t\t\t\t\t\t\t<\/li>\n\t\t\t\t\t\t\t\t<li class=\"elementor-icon-list-item\">\n\t\t\t\t\t\t\t\t\t\t\t<a href=\"\/\u0698\u0648\u0648\u0631\u06d5\u06a9\u0627\u0646\">\n\n\t\t\t\t\t\t\t\t\t\t\t\t<span class=\"elementor-icon-list-icon\">\n\t\t\t\t\t\t\t<i aria-hidden=\"true\" class=\"fas fa-folder-open\"><\/i>\t\t\t\t\t\t<\/span>\n\t\t\t\t\t\t\t\t\t\t<span class=\"elementor-icon-list-text\">\u0627\u0644\u063a\u0631\u0641<\/span>\n\t\t\t\t\t\t\t\t\t\t\t<\/a>\n\t\t\t\t\t\t\t\t\t<\/li>\n\t\t\t\t\t\t\t\t<li class=\"elementor-icon-list-item\">\n\t\t\t\t\t\t\t\t\t\t\t<a href=\"\/\u062e\u0632\u0645\u06d5\u062a\u06af\u0648\u0632\u0627\u0631\u06cc\u06cc\u06d5\u06a9\u0627\u0646\">\n\n\t\t\t\t\t\t\t\t\t\t\t\t<span class=\"elementor-icon-list-icon\">\n\t\t\t\t\t\t\t<i aria-hidden=\"true\" class=\"fas fa-folder-open\"><\/i>\t\t\t\t\t\t<\/span>\n\t\t\t\t\t\t\t\t\t\t<span class=\"elementor-icon-list-text\">\u0627\u0644\u062e\u062f\u0645\u0627\u062a<\/span>\n\t\t\t\t\t\t\t\t\t\t\t<\/a>\n\t\t\t\t\t\t\t\t\t<\/li>\n\t\t\t\t\t\t\t\t<li class=\"elementor-icon-list-item\">\n\t\t\t\t\t\t\t\t\t\t\t<a href=\"\/\u0686\u06c6\u0646%20\u062f\u06d5\u0695\u06c6\u06cc\">\n\n\t\t\t\t\t\t\t\t\t\t\t\t<span class=\"elementor-icon-list-icon\">\n\t\t\t\t\t\t\t<i aria-hidden=\"true\" class=\"fas fa-folder-open\"><\/i>\t\t\t\t\t\t<\/span>\n\t\t\t\t\t\t\t\t\t\t<span class=\"elementor-icon-list-text\">\u0643\u064a\u0641 \u062a\u062c\u0631\u064a \u0627\u0644\u0627\u0645\u0648\u0631 \u0645\u0639\u0643<\/span>\n\t\t\t\t\t\t\t\t\t\t\t<\/a>\n\t\t\t\t\t\t\t\t\t<\/li>\n\t\t\t\t\t\t\t\t<li class=\"elementor-icon-list-item\">\n\t\t\t\t\t\t\t\t\t\t\t<a href=\"\/\u0626\u0627\u0633\u0627\u06cc\u0634\">\n\n\t\t\t\t\t\t\t\t\t\t\t\t<span class=\"elementor-icon-list-icon\">\n\t\t\t\t\t\t\t<i aria-hidden=\"true\" class=\"fas fa-folder-open\"><\/i>\t\t\t\t\t\t<\/span>\n\t\t\t\t\t\t\t\t\t\t<span class=\"elementor-icon-list-text\">\u062d\u0645\u0627\u064a\u0629<\/span>\n\t\t\t\t\t\t\t\t\t\t\t<\/a>\n\t\t\t\t\t\t\t\t\t<\/li>\n\t\t\t\t\t\t<\/ul>\n\t\t\t\t<\/div>\n\t\t\t\t<\/div>\n\t\t\t\t\t<\/div>\n\t\t<\/div>\n\t\t\t\t\t\t\t<\/div>\n\t\t<\/section>\n\t\t\t\t\t\t\t<\/div>\n\t\t","protected":false},"excerpt":{"rendered":"<p>\u0625\u0644\u064a\u062a\u0634\u064a\u0645 \u0628\u064a\u0644\u062c\u064a\u0631\u064a \u0130ncilip\u0131nar Mah. 36020 Nolu Sok. No:2A \u015eehitkamil \/ Gaziantep \u0646\u0638\u0631\u0629 \u0639\u0627\u0645\u0629 \u0627\u0644\u063a\u0631\u0641 \u0627\u0644\u062e\u062f\u0645\u0627\u062a \u0643\u064a\u0641 \u062a\u062c\u0631\u064a \u0627\u0644\u0627\u0645\u0648\u0631 \u0645\u0639\u0643 \u062d\u0645\u0627\u064a\u0629<\/p>\n","protected":false},"author":1,"featured_media":0,"parent":0,"menu_order":0,"comment_status":"closed","ping_status":"closed","template":"elementor_header_footer","meta":{"footnotes":""},"class_list":["post-1292","page","type-page","status-publish","hentry"],"_links":{"self":[{"href":"https:\/\/ar.sankohastanesi.com.tr\/ar\/wp-json\/wp\/v2\/pages\/1292","targetHints":{"allow":["GET"]}}],"collection":[{"href":"https:\/\/ar.sankohastanesi.com.tr\/ar\/wp-json\/wp\/v2\/pages"}],"about":[{"href":"https:\/\/ar.sankohastanesi.com.tr\/ar\/wp-json\/wp\/v2\/types\/page"}],"author":[{"embeddable":true,"href":"https:\/\/ar.sankohastanesi.com.tr\/ar\/wp-json\/wp\/v2\/users\/1"}],"replies":[{"embeddable":true,"href":"https:\/\/ar.sankohastanesi.com.tr\/ar\/wp-json\/wp\/v2\/comments?post=1292"}],"version-history":[{"count":19,"href":"https:\/\/ar.sankohastanesi.com.tr\/ar\/wp-json\/wp\/v2\/pages\/1292\/revisions"}],"predecessor-version":[{"id":3623,"href":"https:\/\/ar.sankohastanesi.com.tr\/ar\/wp-json\/wp\/v2\/pages\/1292\/revisions\/3623"}],"wp:attachment":[{"href":"https:\/\/ar.sankohastanesi.com.tr\/ar\/wp-json\/wp\/v2\/media?parent=1292"}],"curies":[{"name":"wp","href":"https:\/\/api.w.org\/{rel}","templated":true}]}}