{"id":1957,"date":"2023-01-29T22:51:09","date_gmt":"2023-01-29T19:51:09","guid":{"rendered":"http:\/\/swartteknoloji.com.tr\/?page_id=1957"},"modified":"2023-01-30T12:58:13","modified_gmt":"2023-01-30T09:58:13","slug":"dr-ogr-uyesi-feragat-uygur","status":"publish","type":"page","link":"https:\/\/ar.sankohastanesi.com.tr\/ar\/dr-ogr-uyesi-feragat-uygur\/","title":{"rendered":"Dr. \u00d6\u011fr. \u00dcyesi Feragat UYGUR"},"content":{"rendered":"\t\t<div data-elementor-type=\"wp-page\" data-elementor-id=\"1957\" class=\"elementor elementor-1957\">\n\t\t\t\t\t\t\t\t\t<section class=\"elementor-section elementor-top-section elementor-element elementor-element-ab138d8 elementor-section-boxed elementor-section-height-default elementor-section-height-default\" data-id=\"ab138d8\" data-element_type=\"section\" data-settings=\"{&quot;background_background&quot;:&quot;classic&quot;}\">\n\t\t\t\t\t\t\t<div class=\"elementor-background-overlay\"><\/div>\n\t\t\t\t\t\t\t<div class=\"elementor-container elementor-column-gap-default\">\n\t\t\t\t\t<div class=\"elementor-column elementor-col-100 elementor-top-column elementor-element elementor-element-f1f9872\" data-id=\"f1f9872\" data-element_type=\"column\">\n\t\t\t<div class=\"elementor-widget-wrap elementor-element-populated\">\n\t\t\t\t\t\t\t\t<div class=\"elementor-element elementor-element-4ea1f8f elementor-post-navigation-borders-yes elementor-widget elementor-widget-post-navigation\" data-id=\"4ea1f8f\" data-element_type=\"widget\" data-widget_type=\"post-navigation.default\">\n\t\t\t\t<div class=\"elementor-widget-container\">\n\t\t\t<link rel=\"stylesheet\" href=\"https:\/\/ar.sankohastanesi.com.tr\/wp-content\/plugins\/elementor-pro\/assets\/css\/widget-theme-elements-rtl.min.css\">\t\t<div class=\"elementor-post-navigation\">\n\t\t\t<div class=\"elementor-post-navigation__prev elementor-post-navigation__link\">\n\t\t\t\t<a href=\"https:\/\/ar.sankohastanesi.com.tr\/ar\/dr-ogr-uyesi-yasemin-ekmekyapar-firat\/\" rel=\"prev\"><span class=\"post-navigation__arrow-wrapper post-navigation__arrow-prev\"><i class=\"fa fa-angle-right\" aria-hidden=\"true\"><\/i><span class=\"elementor-screen-only\">Prev<\/span><\/span><span class=\"elementor-post-navigation__link__prev\"><span class=\"post-navigation__prev--title\">Dr. \u00d6\u011fr. \u00dcyesi Yasemin EKMEKYAPAR FIRAT<\/span><\/span><\/a>\t\t\t<\/div>\n\t\t\t\t\t\t\t<div class=\"elementor-post-navigation__separator-wrapper\">\n\t\t\t\t\t<div class=\"elementor-post-navigation__separator\"><\/div>\n\t\t\t\t<\/div>\n\t\t\t\t\t\t<div class=\"elementor-post-navigation__next elementor-post-navigation__link\">\n\t\t\t\t<a href=\"https:\/\/ar.sankohastanesi.com.tr\/ar\/dr-ogr-uyesi-sinasi-ozkilic\/\" rel=\"next\"><span class=\"elementor-post-navigation__link__next\"><span class=\"post-navigation__next--title\">Dr. \u00d6\u011fr. \u00dcyesi \u015einasi \u00d6ZKILI\u00c7<\/span><\/span><span class=\"post-navigation__arrow-wrapper post-navigation__arrow-next\"><i class=\"fa fa-angle-left\" aria-hidden=\"true\"><\/i><span class=\"elementor-screen-only\">Next<\/span><\/span><\/a>\t\t\t<\/div>\n\t\t<\/div>\n\t\t\t\t<\/div>\n\t\t\t\t<\/div>\n\t\t\t\t\t<\/div>\n\t\t<\/div>\n\t\t\t\t\t\t\t<\/div>\n\t\t<\/section>\n\t\t\t\t<section class=\"elementor-section elementor-top-section elementor-element elementor-element-90791ec elementor-section-boxed elementor-section-height-default elementor-section-height-default\" data-id=\"90791ec\" data-element_type=\"section\">\n\t\t\t\t\t\t<div class=\"elementor-container elementor-column-gap-default\">\n\t\t\t\t\t<div class=\"elementor-column elementor-col-20 elementor-top-column elementor-element elementor-element-54fa8c3 elementor-hidden-tablet elementor-hidden-mobile\" data-id=\"54fa8c3\" data-element_type=\"column\">\n\t\t\t<div class=\"elementor-widget-wrap\">\n\t\t\t\t\t\t\t\t\t<\/div>\n\t\t<\/div>\n\t\t\t\t<div class=\"elementor-column elementor-col-20 elementor-top-column elementor-element elementor-element-213aa7a\" data-id=\"213aa7a\" data-element_type=\"column\">\n\t\t\t<div class=\"elementor-widget-wrap elementor-element-populated\">\n\t\t\t\t\t\t\t\t<div class=\"elementor-element elementor-element-0b5d3a4 elementor-widget elementor-widget-jkit_button\" data-id=\"0b5d3a4\" data-element_type=\"widget\" data-widget_type=\"jkit_button.default\">\n\t\t\t\t<div class=\"elementor-widget-container\">\n\t\t\t<div class=\"jeg-elementor-kit jkit-button  icon-position-before jeg_module___69dff4b5cd443\"><a href=\"\" class=\"jkit-button-wrapper\">\u0646\u06d5\u0634\u062a\u06d5\u0631\u06af\u06d5\u0631\u06cc \u062f\u06b5 \u0648 \u0628\u06c6\u0631\u06cc\u06cc\u06d5\u06a9\u0627\u0646\u06cc \u062e\u0648\u06ce\u0646<\/a><\/div>\t\t<\/div>\n\t\t\t\t<\/div>\n\t\t\t\t\t<\/div>\n\t\t<\/div>\n\t\t\t\t<div class=\"elementor-column elementor-col-20 elementor-top-column elementor-element elementor-element-15de417 elementor-hidden-tablet elementor-hidden-mobile\" data-id=\"15de417\" data-element_type=\"column\">\n\t\t\t<div class=\"elementor-widget-wrap\">\n\t\t\t\t\t\t\t\t\t<\/div>\n\t\t<\/div>\n\t\t\t\t<div class=\"elementor-column elementor-col-20 elementor-top-column elementor-element elementor-element-89eb8e4\" data-id=\"89eb8e4\" data-element_type=\"column\">\n\t\t\t<div class=\"elementor-widget-wrap elementor-element-populated\">\n\t\t\t\t\t\t\t\t<div class=\"elementor-element elementor-element-0bd5ae4 elementor-widget elementor-widget-heading\" data-id=\"0bd5ae4\" data-element_type=\"widget\" data-widget_type=\"heading.default\">\n\t\t\t\t<div class=\"elementor-widget-container\">\n\t\t\t<style>\/*! elementor - v3.7.4 - 31-08-2022 *\/\n.elementor-heading-title{padding:0;margin:0;line-height:1}.elementor-widget-heading .elementor-heading-title[class*=elementor-size-]>a{color:inherit;font-size:inherit;line-height:inherit}.elementor-widget-heading .elementor-heading-title.elementor-size-small{font-size:15px}.elementor-widget-heading .elementor-heading-title.elementor-size-medium{font-size:19px}.elementor-widget-heading .elementor-heading-title.elementor-size-large{font-size:29px}.elementor-widget-heading .elementor-heading-title.elementor-size-xl{font-size:39px}.elementor-widget-heading .elementor-heading-title.elementor-size-xxl{font-size:59px}<\/style><h1 class=\"elementor-heading-title elementor-size-default\">Dr. \u00d6\u011fr. \u00dcyesi\nFeragat UYGUR<\/h1>\t\t<\/div>\n\t\t\t\t<\/div>\n\t\t\t\t\t<\/div>\n\t\t<\/div>\n\t\t\t\t<div class=\"elementor-column elementor-col-20 elementor-top-column elementor-element elementor-element-6375026 elementor-hidden-tablet elementor-hidden-mobile\" data-id=\"6375026\" data-element_type=\"column\">\n\t\t\t<div class=\"elementor-widget-wrap\">\n\t\t\t\t\t\t\t\t\t<\/div>\n\t\t<\/div>\n\t\t\t\t\t\t\t<\/div>\n\t\t<\/section>\n\t\t\t\t<section class=\"elementor-section elementor-top-section elementor-element elementor-element-1c6585e elementor-section-boxed elementor-section-height-default elementor-section-height-default\" data-id=\"1c6585e\" data-element_type=\"section\">\n\t\t\t\t\t\t<div class=\"elementor-container elementor-column-gap-default\">\n\t\t\t\t\t<div class=\"elementor-column elementor-col-50 elementor-top-column elementor-element elementor-element-3eb36c5\" data-id=\"3eb36c5\" data-element_type=\"column\">\n\t\t\t<div class=\"elementor-widget-wrap elementor-element-populated\">\n\t\t\t\t\t\t\t\t<div class=\"elementor-element elementor-element-08355bb elementor-widget elementor-widget-image\" data-id=\"08355bb\" data-element_type=\"widget\" data-widget_type=\"image.default\">\n\t\t\t\t<div class=\"elementor-widget-container\">\n\t\t\t<style>\/*! elementor - v3.7.4 - 31-08-2022 *\/\n.elementor-widget-image{text-align:center}.elementor-widget-image a{display:inline-block}.elementor-widget-image a img[src$=\".svg\"]{width:48px}.elementor-widget-image img{vertical-align:middle;display:inline-block}<\/style>\t\t\t\t\t\t\t\t\t\t\t\t\t<a href=\"https:\/\/sankohastanesi.com.tr\/upload\/hekim\/temp\/feragat-uygur-resim-694663_w400_h400.jpg\" data-elementor-open-lightbox=\"yes\" e-action-hash=\"#elementor-action%3Aaction%3Dlightbox%26settings%3DW10%3D\">\n\t\t\t\t\t\t\t<img decoding=\"async\" src=\"https:\/\/sankohastanesi.com.tr\/upload\/hekim\/temp\/feragat-uygur-resim-694663_w400_h400.jpg\" title=\"\" alt=\"\" \/>\t\t\t\t\t\t\t\t<\/a>\n\t\t\t\t\t\t\t\t\t\t\t\t\t\t\t<\/div>\n\t\t\t\t<\/div>\n\t\t\t\t\t<\/div>\n\t\t<\/div>\n\t\t\t\t<div class=\"elementor-column elementor-col-50 elementor-top-column elementor-element elementor-element-63a751b\" data-id=\"63a751b\" data-element_type=\"column\">\n\t\t\t<div class=\"elementor-widget-wrap elementor-element-populated\">\n\t\t\t\t\t\t\t\t<div class=\"elementor-element elementor-element-e95b35d elementor-widget elementor-widget-text-editor\" data-id=\"e95b35d\" data-element_type=\"widget\" data-widget_type=\"text-editor.default\">\n\t\t\t\t<div class=\"elementor-widget-container\">\n\t\t\t<style>\/*! elementor - v3.7.4 - 31-08-2022 *\/\n.elementor-widget-text-editor.elementor-drop-cap-view-stacked .elementor-drop-cap{background-color:#818a91;color:#fff}.elementor-widget-text-editor.elementor-drop-cap-view-framed .elementor-drop-cap{color:#818a91;border:3px solid;background-color:transparent}.elementor-widget-text-editor:not(.elementor-drop-cap-view-default) .elementor-drop-cap{margin-top:8px}.elementor-widget-text-editor:not(.elementor-drop-cap-view-default) .elementor-drop-cap-letter{width:1em;height:1em}.elementor-widget-text-editor .elementor-drop-cap{float:right;text-align:center;line-height:1;font-size:50px}.elementor-widget-text-editor .elementor-drop-cap-letter{display:inline-block}<\/style>\t\t\t\t<p>\u0633\u0627\u06b5\u06cc 1959 \u0644\u06d5 \u0634\u0627\u0631\u06cc \u063a\u0627\u0632\u06cc \u0639\u06d5\u0646\u062a\u0627\u0628 \u0644\u06d5 \u0646\u06cc\u0632\u06cc\u0628 \u0644\u06d5\u062f\u0627\u06cc\u06a9 \u0628\u0648\u0648\u06d5. \u062e\u0648\u06ce\u0646\u062f\u0646\u06cc \u0633\u06d5\u0631\u06d5\u062a\u0627\u06cc\u06cc \u0648 \u0646\u0627\u0648\u06d5\u0646\u062f\u06cc \u0648 \u0626\u0627\u0645\u0627\u062f\u06d5\u06cc\u06cc \u0644\u06d5 \u063a\u0627\u0632\u06cc \u0639\u06d5\u0646\u062a\u0627\u0628 \u062a\u06d5\u0648\u0627\u0648 \u06a9\u0631\u062f\u0648\u0648\u06d5. \u0644\u06d5 \u0633\u0627\u06b5\u06cc \u0661\u0669\u0668\u0666 \u0644\u06d5 \u0632\u0627\u0646\u06a9\u06c6\u06cc \u0626\u06cc\u0633\u062a\u06d5\u0646\u0628\u0648\u06b5 \u0641\u0627\u06a9\u06d5\u06b5\u062a\u06cc \u067e\u0632\u06cc\u0634\u06a9\u06cc \u0633\u06ce\u0631\u0627\u067e\u0627\u0634\u0627 \u062f\u06d5\u0631\u0686\u0648\u0648\u06d5.<\/p><p>\u0644\u06d5 \u0646\u06ce\u0648\u0627\u0646 \u0633\u0627\u06b5\u0627\u0646\u06cc \u0661\u0669\u0668\u0666 \u0628\u06c6 \u0661\u0669\u0668\u0669 \u062e\u0632\u0645\u06d5\u062a\u06cc \u0646\u0627\u0686\u0627\u0631\u06cc \u062e\u06c6\u06cc \u0644\u06d5 \u0633\u06d5\u0646\u062a\u06d5\u0631\u06cc \u062a\u06d5\u0646\u062f\u0631\u0648\u0633\u062a\u06cc \u0626\u06ce\u0644\u0627\u0632\u06cc\u06af \u062a\u06d5\u0648\u0627\u0648 \u06a9\u0631\u062f\u0648\u0648\u06d5. \u062f\u0648\u0627\u06cc \u062e\u0632\u0645\u06d5\u062a\u06d5 \u0633\u06d5\u0631\u0628\u0627\u0632\u06cc\u06cc\u06d5\u06a9\u06d5\u06cc \u0644\u06d5 \u0626\u06d5\u0646\u0642\u06d5\u0631\u06d5\u060c \u0644\u06d5 \u0646\u06ce\u0648\u0627\u0646 \u0633\u0627\u06b5\u0627\u0646\u06cc \u0661\u0669\u0669\u0660 \u0628\u06c6 \u0661\u0669\u0669\u0663 \u0644\u06d5 \u0633\u06d5\u0646\u062a\u06d5\u0631\u06cc \u062a\u06d5\u0646\u062f\u0631\u0648\u0633\u062a\u06cc \u0626\u06ce\u0644\u0627\u0632\u06cc\u063a \u0626\u0627\u06af\u0631 \u062f\u0631\u06ce\u0698\u06d5\u06cc \u0628\u06d5 \u0626\u06d5\u0631\u06a9\u06d5\u06a9\u06d5\u06cc \u062f\u0627\u0648\u06d5\u060c \u0644\u06d5 \u0633\u0627\u06b5\u06cc \u0661\u0669\u0669\u0669 \u0645\u06d5\u0634\u0642\u06cc \u067e\u0633\u067e\u06c6\u0695\u06cc\u06cc\u06d5\u06a9\u06d5\u06cc \u0644\u06d5\u06af\u06d5\u06b5 \u067e\u0695\u06c6\u0641\u06cc\u0633\u06c6\u0631 \u062f\u06a9\u062a\u06c6\u0631 \u062a\u06d5\u0648\u0627\u0648 \u06a9\u0631\u062f\u0648\u0648\u06d5. \u0644\u06d5 \u0633\u0627\u06b5\u06cc \u0661\u0669\u0669\u0669 \u062f\u06d5\u0633\u062a\u06cc \u0628\u06d5 \u06a9\u0627\u0631\u06a9\u0631\u062f\u0646 \u06a9\u0631\u062f\u0648\u0648\u06d5 \u0644\u06d5 \u06a9\u0644\u06cc\u0646\u06cc\u06a9\u06cc \u0646\u06d5\u0634\u062a\u06d5\u0631\u06af\u06d5\u0631\u06cc \u062f\u06b5 \u0648 \u062e\u0648\u06ce\u0646\u0628\u06d5\u0631\u06d5\u06a9\u0627\u0646\u06cc \u0646\u06d5\u062e\u06c6\u0634\u062e\u0627\u0646\u06d5\u06cc \u0632\u0627\u0646\u06a9\u06c6\u06cc \u0633\u0627\u0646\u06a9\u06c6.<\/p><p>\u0628\u06d5\u0634\u062f\u0627\u0631\u06cc \u0644\u06d5 \u06a9\u06c6\u0646\u06af\u0631\u06d5\u06a9\u0627\u0646\u06cc \u0646\u06d5\u0634\u062a\u06d5\u0631\u06af\u06d5\u0631\u06cc \u062f\u06b5 \u0648 \u062e\u0648\u06ce\u0646\u0628\u06d5\u0631\u06d5\u06a9\u0627\u0646 \u06a9\u0631\u062f\u0648\u0648\u06d5 \u06a9\u06d5 \u0644\u06d5 \u0633\u0627\u06b5\u06cc \u0662\u0660\u0660\u0662 \u0644\u06d5 \u0641\u06cc\u0646\u0644\u0627\u0646\u062f \u0648 \u0644\u06d5 \u0633\u0627\u06b5\u06cc \u0662\u0660\u0660\u0663 \u0644\u06d5 \u0646\u06d5\u0645\u0633\u0627 \u0628\u06d5\u0695\u06ce\u0648\u06d5\u0686\u0648\u0648. \u062f\u0627\u0645\u06d5\u0632\u0631\u0627\u0646\u062f\u0646\u06cc \u06a9\u0644\u06cc\u0646\u06cc\u06a9\u06cc \u0646\u06d5\u0634\u062a\u06d5\u0631\u06af\u06d5\u0631\u06cc \u062f\u06b5 \u0648 \u062e\u0648\u06ce\u0646\u0628\u06d5\u0631\u06d5\u06a9\u0627\u0646 \u0644\u06d5 \u0646\u06d5\u062e\u06c6\u0634\u062e\u0627\u0646\u06d5\u06cc\u06d5\u06a9\u06cc \u062a\u0627\u06cc\u0628\u06d5\u062a \u0644\u06d5 \u0626\u06ce\u0644\u0627\u0632\u06cc\u06af \u0644\u06d5 \u0633\u0627\u06b5\u06cc \u0662\u0660\u0660\u0668\u060c \u062f\u06a9\u062a\u06c6\u0631 \u0695\u0627\u0647\u06ce\u0646\u06d5\u0631 \u0644\u06d5 \u0645\u0627\u0646\u06af\u06cc \u0626\u0627\u0632\u0627\u0631\u06cc \u0662\u0660\u0660\u0669\u06d5\u0648\u06d5\u060c \u0626\u06d5\u0646\u062f\u0627\u0645 \u0626\u0648\u06cc\u06af\u0648\u0631 \u062f\u06d5\u0633\u062a\u06cc\u06a9\u0631\u062f\u06d5\u0648\u06d5 \u0628\u06d5 \u0648\u06d5\u0631\u06af\u0631\u062a\u0646\u06cc \u0646\u06d5\u062e\u06c6\u0634\u06d5\u06a9\u0627\u0646\u06cc \u0648\u06d5\u06a9&#8230; \u0646\u06d5\u062e\u06c6\u0634\u062e\u0627\u0646\u06d5\u06cc \u0632\u0627\u0646\u06a9\u06c6\u06cc \u0633\u0627\u0646\u06a9\u06c6 \u067e\u0633\u067e\u06c6\u0695\u06cc \u0646\u06d5\u0634\u062a\u06d5\u0631\u06af\u06d5\u0631\u06cc \u062f\u06b5 \u0648 \u062e\u0648\u06ce\u0646\u0628\u06d5\u0631\u06d5\u06a9\u0627\u0646. \u0626\u06d5\u0646\u062f\u0627\u0645\u06cc \u0695\u0627\u0647\u06ce\u0646\u06d5\u0631 \u062f\u06a9\u062a\u06c6\u0631\u06d5 \u0626\u06cc\u0646\u06af\u0644\u06cc\u0632\u06cc \u0632\u0645\u0627\u0646 \u0626\u0648\u06cc\u06af\u0648\u0631 \u062e\u06ce\u0632\u0627\u0646\u062f\u0627\u0631\u06d5 \u0648 \u062f\u0648\u0648 \u0645\u0646\u062f\u0627\u06b5\u06cc \u0647\u06d5\u06cc\u06d5.<\/p>\t\t\t\t\t\t<\/div>\n\t\t\t\t<\/div>\n\t\t\t\t\t<\/div>\n\t\t<\/div>\n\t\t\t\t\t\t\t<\/div>\n\t\t<\/section>\n\t\t\t\t<section class=\"elementor-section elementor-top-section elementor-element elementor-element-b189f06 elementor-section-boxed elementor-section-height-default elementor-section-height-default\" data-id=\"b189f06\" data-element_type=\"section\" data-settings=\"{&quot;background_background&quot;:&quot;classic&quot;}\">\n\t\t\t\t\t\t<div class=\"elementor-container elementor-column-gap-default\">\n\t\t\t\t\t<div class=\"elementor-column elementor-col-100 elementor-top-column elementor-element elementor-element-f36541b\" data-id=\"f36541b\" data-element_type=\"column\">\n\t\t\t<div class=\"elementor-widget-wrap elementor-element-populated\">\n\t\t\t\t\t\t\t\t<div class=\"elementor-element elementor-element-2a13e4d elementor-widget elementor-widget-heading\" data-id=\"2a13e4d\" data-element_type=\"widget\" data-widget_type=\"heading.default\">\n\t\t\t\t<div class=\"elementor-widget-container\">\n\t\t\t<h2 class=\"elementor-heading-title elementor-size-default\">\u06cc\u06d5\u06a9\u06d5\u06a9\u0627\u0646\u06cc \u067e\u0632\u06cc\u0634\u06a9\u06cc<\/h2>\t\t<\/div>\n\t\t\t\t<\/div>\n\t\t\t\t<div class=\"elementor-element elementor-element-276575f elementor-widget elementor-widget-text-editor\" data-id=\"276575f\" data-element_type=\"widget\" data-widget_type=\"text-editor.default\">\n\t\t\t\t<div class=\"elementor-widget-container\">\n\t\t\t\t\t\t\t<p>\u062f\u06d5\u062a\u0648\u0627\u0646\u0646 \u0628\u06d5\u067e\u06ce\u06cc \u0628\u06d5\u0634 \u06cc\u0627\u0646 \u0628\u06d5 \u0646\u0627\u0648\u06cc \u067e\u0632\u06cc\u0634\u06a9 \u0628\u06af\u06d5\u0695\u06ce\u0646.<\/p>\t\t\t\t\t\t<\/div>\n\t\t\t\t<\/div>\n\t\t\t\t<div class=\"elementor-element elementor-element-4059d69 hfe-search-layout-icon_text elementor-widget elementor-widget-hfe-search-button\" data-id=\"4059d69\" data-element_type=\"widget\" data-settings=\"{&quot;size&quot;:{&quot;unit&quot;:&quot;px&quot;,&quot;size&quot;:50,&quot;sizes&quot;:[]},&quot;size_tablet&quot;:{&quot;unit&quot;:&quot;px&quot;,&quot;size&quot;:&quot;&quot;,&quot;sizes&quot;:[]},&quot;size_mobile&quot;:{&quot;unit&quot;:&quot;px&quot;,&quot;size&quot;:&quot;&quot;,&quot;sizes&quot;:[]},&quot;icon_size&quot;:{&quot;unit&quot;:&quot;px&quot;,&quot;size&quot;:&quot;16&quot;,&quot;sizes&quot;:[]},&quot;icon_size_tablet&quot;:{&quot;unit&quot;:&quot;px&quot;,&quot;size&quot;:&quot;&quot;,&quot;sizes&quot;:[]},&quot;icon_size_mobile&quot;:{&quot;unit&quot;:&quot;px&quot;,&quot;size&quot;:&quot;&quot;,&quot;sizes&quot;:[]},&quot;button_width&quot;:{&quot;unit&quot;:&quot;px&quot;,&quot;size&quot;:&quot;&quot;,&quot;sizes&quot;:[]},&quot;button_width_tablet&quot;:{&quot;unit&quot;:&quot;px&quot;,&quot;size&quot;:&quot;&quot;,&quot;sizes&quot;:[]},&quot;button_width_mobile&quot;:{&quot;unit&quot;:&quot;px&quot;,&quot;size&quot;:&quot;&quot;,&quot;sizes&quot;:[]},&quot;close_icon_size&quot;:{&quot;unit&quot;:&quot;px&quot;,&quot;size&quot;:&quot;20&quot;,&quot;sizes&quot;:[]},&quot;close_icon_size_tablet&quot;:{&quot;unit&quot;:&quot;px&quot;,&quot;size&quot;:&quot;&quot;,&quot;sizes&quot;:[]},&quot;close_icon_size_mobile&quot;:{&quot;unit&quot;:&quot;px&quot;,&quot;size&quot;:&quot;&quot;,&quot;sizes&quot;:[]}}\" data-widget_type=\"hfe-search-button.default\">\n\t\t\t\t<div class=\"elementor-widget-container\">\n\t\t\t\t\t<form class=\"hfe-search-button-wrapper\" role=\"search\" action=\"https:\/\/ar.sankohastanesi.com.tr\/ar\" method=\"get\">\n\t\t\t\t\t\t<div class=\"hfe-search-form__container\" role=\"tablist\">\n\t\t\t\t\t\t\t\t\t<input placeholder=\"\u06af\u06d5\u0695\u0627\u0646\" class=\"hfe-search-form__input\" type=\"search\" name=\"s\" title=\"Search\" value=\"\">\n\t\t\t\t\t<button id=\"clear-with-button\" type=\"reset\">\n\t\t\t\t\t\t<i class=\"fas fa-times\" aria-hidden=\"true\"><\/i>\n\t\t\t\t\t<\/button>\n\t\t\t\t\t<button class=\"hfe-search-submit\" type=\"submit\">\n\t\t\t\t\t\t<i class=\"fas fa-search\" aria-hidden=\"true\"><\/i>\n\t\t\t\t\t<\/button>\n\t\t\t\t\t\t\t<\/div>\n\t\t\t\t<\/form>\n\t\t\t\t<\/div>\n\t\t\t\t<\/div>\n\t\t\t\t\t<\/div>\n\t\t<\/div>\n\t\t\t\t\t\t\t<\/div>\n\t\t<\/section>\n\t\t\t\t<section class=\"elementor-section elementor-top-section elementor-element elementor-element-5b2f537 elementor-section-boxed elementor-section-height-default elementor-section-height-default\" data-id=\"5b2f537\" data-element_type=\"section\">\n\t\t\t\t\t\t<div class=\"elementor-container elementor-column-gap-default\">\n\t\t\t\t\t<div class=\"elementor-column elementor-col-100 elementor-top-column elementor-element elementor-element-8e43bfb\" data-id=\"8e43bfb\" data-element_type=\"column\">\n\t\t\t<div class=\"elementor-widget-wrap\">\n\t\t\t\t\t\t\t\t\t<\/div>\n\t\t<\/div>\n\t\t\t\t\t\t\t<\/div>\n\t\t<\/section>\n\t\t\t\t\t\t\t<\/div>\n\t\t","protected":false},"excerpt":{"rendered":"<p>\u0646\u06d5\u0634\u062a\u06d5\u0631\u06af\u06d5\u0631\u06cc \u062f\u06b5 \u0648 \u0628\u06c6\u0631\u06cc\u06cc\u06d5\u06a9\u0627\u0646\u06cc \u062e\u0648\u06ce\u0646 Dr. \u00d6\u011fr. \u00dcyesi Feragat UYGUR \u0633\u0627\u06b5\u06cc 1959 \u0644\u06d5 \u0634\u0627\u0631\u06cc \u063a\u0627\u0632\u06cc \u0639\u06d5\u0646\u062a\u0627\u0628 \u0644\u06d5 \u0646\u06cc\u0632\u06cc\u0628 \u0644\u06d5\u062f\u0627\u06cc\u06a9 \u0628\u0648\u0648\u06d5. \u062e\u0648\u06ce\u0646\u062f\u0646\u06cc \u0633\u06d5\u0631\u06d5\u062a\u0627\u06cc\u06cc \u0648 \u0646\u0627\u0648\u06d5\u0646\u062f\u06cc \u0648 \u0626\u0627\u0645\u0627\u062f\u06d5\u06cc\u06cc \u0644\u06d5 \u063a\u0627\u0632\u06cc \u0639\u06d5\u0646\u062a\u0627\u0628 \u062a\u06d5\u0648\u0627\u0648 \u06a9\u0631\u062f\u0648\u0648\u06d5. \u0644\u06d5 \u0633\u0627\u06b5\u06cc \u0661\u0669\u0668\u0666 \u0644\u06d5 \u0632\u0627\u0646\u06a9\u06c6\u06cc \u0626\u06cc\u0633\u062a\u06d5\u0646\u0628\u0648\u06b5 \u0641\u0627\u06a9\u06d5\u06b5\u062a\u06cc \u067e\u0632\u06cc\u0634\u06a9\u06cc \u0633\u06ce\u0631\u0627\u067e\u0627\u0634\u0627 \u062f\u06d5\u0631\u0686\u0648\u0648\u06d5. \u0644\u06d5 \u0646\u06ce\u0648\u0627\u0646 \u0633\u0627\u06b5\u0627\u0646\u06cc \u0661\u0669\u0668\u0666 \u0628\u06c6 \u0661\u0669\u0668\u0669 \u062e\u0632\u0645\u06d5\u062a\u06cc \u0646\u0627\u0686\u0627\u0631\u06cc \u062e\u06c6\u06cc \u0644\u06d5 \u0633\u06d5\u0646\u062a\u06d5\u0631\u06cc \u062a\u06d5\u0646\u062f\u0631\u0648\u0633\u062a\u06cc \u0626\u06ce\u0644\u0627\u0632\u06cc\u06af \u062a\u06d5\u0648\u0627\u0648 [&hellip;]<\/p>\n","protected":false},"author":1,"featured_media":0,"parent":0,"menu_order":0,"comment_status":"closed","ping_status":"closed","template":"elementor_header_footer","meta":{"footnotes":""},"class_list":["post-1957","page","type-page","status-publish","hentry"],"_links":{"self":[{"href":"https:\/\/ar.sankohastanesi.com.tr\/ar\/wp-json\/wp\/v2\/pages\/1957","targetHints":{"allow":["GET"]}}],"collection":[{"href":"https:\/\/ar.sankohastanesi.com.tr\/ar\/wp-json\/wp\/v2\/pages"}],"about":[{"href":"https:\/\/ar.sankohastanesi.com.tr\/ar\/wp-json\/wp\/v2\/types\/page"}],"author":[{"embeddable":true,"href":"https:\/\/ar.sankohastanesi.com.tr\/ar\/wp-json\/wp\/v2\/users\/1"}],"replies":[{"embeddable":true,"href":"https:\/\/ar.sankohastanesi.com.tr\/ar\/wp-json\/wp\/v2\/comments?post=1957"}],"version-history":[{"count":8,"href":"https:\/\/ar.sankohastanesi.com.tr\/ar\/wp-json\/wp\/v2\/pages\/1957\/revisions"}],"predecessor-version":[{"id":2143,"href":"https:\/\/ar.sankohastanesi.com.tr\/ar\/wp-json\/wp\/v2\/pages\/1957\/revisions\/2143"}],"wp:attachment":[{"href":"https:\/\/ar.sankohastanesi.com.tr\/ar\/wp-json\/wp\/v2\/media?parent=1957"}],"curies":[{"name":"wp","href":"https:\/\/api.w.org\/{rel}","templated":true}]}}