{"id":2395,"date":"2023-01-30T13:39:54","date_gmt":"2023-01-30T10:39:54","guid":{"rendered":"http:\/\/swartteknoloji.com.tr\/?page_id=2395"},"modified":"2023-03-22T11:58:10","modified_gmt":"2023-03-22T08:58:10","slug":"doc-dr-yucel-yuksel","status":"publish","type":"page","link":"https:\/\/ar.sankohastanesi.com.tr\/ar\/doc-dr-yucel-yuksel\/","title":{"rendered":"Do\u00e7. Dr. Y\u00fccel Y\u00dcKSEL"},"content":{"rendered":"\t\t<div data-elementor-type=\"wp-page\" data-elementor-id=\"2395\" class=\"elementor elementor-2395\">\n\t\t\t\t\t\t\t\t\t<section class=\"elementor-section elementor-top-section elementor-element elementor-element-ab138d8 elementor-section-boxed elementor-section-height-default elementor-section-height-default\" data-id=\"ab138d8\" data-element_type=\"section\" data-settings=\"{&quot;background_background&quot;:&quot;classic&quot;}\">\n\t\t\t\t\t\t\t<div class=\"elementor-background-overlay\"><\/div>\n\t\t\t\t\t\t\t<div class=\"elementor-container elementor-column-gap-default\">\n\t\t\t\t\t<div class=\"elementor-column elementor-col-100 elementor-top-column elementor-element elementor-element-f1f9872\" data-id=\"f1f9872\" data-element_type=\"column\">\n\t\t\t<div class=\"elementor-widget-wrap elementor-element-populated\">\n\t\t\t\t\t\t\t\t<div class=\"elementor-element elementor-element-4ea1f8f elementor-post-navigation-borders-yes elementor-widget elementor-widget-post-navigation\" data-id=\"4ea1f8f\" data-element_type=\"widget\" data-widget_type=\"post-navigation.default\">\n\t\t\t\t<div class=\"elementor-widget-container\">\n\t\t\t<link rel=\"stylesheet\" href=\"https:\/\/ar.sankohastanesi.com.tr\/wp-content\/plugins\/elementor-pro\/assets\/css\/widget-theme-elements-rtl.min.css\">\t\t<div class=\"elementor-post-navigation\">\n\t\t\t<div class=\"elementor-post-navigation__prev elementor-post-navigation__link\">\n\t\t\t\t<a href=\"https:\/\/ar.sankohastanesi.com.tr\/ar\/prof-dr-guner-dagli\/\" rel=\"prev\"><span class=\"post-navigation__arrow-wrapper post-navigation__arrow-prev\"><i class=\"fa fa-angle-right\" aria-hidden=\"true\"><\/i><span class=\"elementor-screen-only\">Prev<\/span><\/span><span class=\"elementor-post-navigation__link__prev\"><span class=\"post-navigation__prev--title\">Prof. Dr. G\u00fcner DA\u011eLI<\/span><\/span><\/a>\t\t\t<\/div>\n\t\t\t\t\t\t\t<div class=\"elementor-post-navigation__separator-wrapper\">\n\t\t\t\t\t<div class=\"elementor-post-navigation__separator\"><\/div>\n\t\t\t\t<\/div>\n\t\t\t\t\t\t<div class=\"elementor-post-navigation__next elementor-post-navigation__link\">\n\t\t\t\t<a href=\"https:\/\/ar.sankohastanesi.com.tr\/ar\/doc-dr-alper-sercelik\/\" rel=\"next\"><span class=\"elementor-post-navigation__link__next\"><span class=\"post-navigation__next--title\">Do\u00e7. Dr. Alper SER\u00c7EL\u0130K<\/span><\/span><span class=\"post-navigation__arrow-wrapper post-navigation__arrow-next\"><i class=\"fa fa-angle-left\" aria-hidden=\"true\"><\/i><span class=\"elementor-screen-only\">Next<\/span><\/span><\/a>\t\t\t<\/div>\n\t\t<\/div>\n\t\t\t\t<\/div>\n\t\t\t\t<\/div>\n\t\t\t\t\t<\/div>\n\t\t<\/div>\n\t\t\t\t\t\t\t<\/div>\n\t\t<\/section>\n\t\t\t\t<section class=\"elementor-section elementor-top-section elementor-element elementor-element-90791ec elementor-section-boxed elementor-section-height-default elementor-section-height-default\" data-id=\"90791ec\" data-element_type=\"section\">\n\t\t\t\t\t\t<div class=\"elementor-container elementor-column-gap-default\">\n\t\t\t\t\t<div class=\"elementor-column elementor-col-20 elementor-top-column elementor-element elementor-element-54fa8c3 elementor-hidden-tablet elementor-hidden-mobile\" data-id=\"54fa8c3\" data-element_type=\"column\">\n\t\t\t<div class=\"elementor-widget-wrap\">\n\t\t\t\t\t\t\t\t\t<\/div>\n\t\t<\/div>\n\t\t\t\t<div class=\"elementor-column elementor-col-20 elementor-top-column elementor-element elementor-element-213aa7a\" data-id=\"213aa7a\" data-element_type=\"column\">\n\t\t\t<div class=\"elementor-widget-wrap elementor-element-populated\">\n\t\t\t\t\t\t\t\t<div class=\"elementor-element elementor-element-0b5d3a4 elementor-widget elementor-widget-jkit_button\" data-id=\"0b5d3a4\" data-element_type=\"widget\" data-widget_type=\"jkit_button.default\">\n\t\t\t\t<div class=\"elementor-widget-container\">\n\t\t\t<div class=\"jeg-elementor-kit jkit-button  icon-position-before jeg_module___69e065f093fd2\"><a href=\"\" class=\"jkit-button-wrapper\">\u067e\u0632\u06cc\u0634\u06a9\u06cc \u0686\u0627\u0648<\/a><\/div>\t\t<\/div>\n\t\t\t\t<\/div>\n\t\t\t\t\t<\/div>\n\t\t<\/div>\n\t\t\t\t<div class=\"elementor-column elementor-col-20 elementor-top-column elementor-element elementor-element-15de417 elementor-hidden-tablet elementor-hidden-mobile\" data-id=\"15de417\" data-element_type=\"column\">\n\t\t\t<div class=\"elementor-widget-wrap\">\n\t\t\t\t\t\t\t\t\t<\/div>\n\t\t<\/div>\n\t\t\t\t<div class=\"elementor-column elementor-col-20 elementor-top-column elementor-element elementor-element-89eb8e4\" data-id=\"89eb8e4\" data-element_type=\"column\">\n\t\t\t<div class=\"elementor-widget-wrap elementor-element-populated\">\n\t\t\t\t\t\t\t\t<div class=\"elementor-element elementor-element-0bd5ae4 elementor-widget elementor-widget-heading\" data-id=\"0bd5ae4\" data-element_type=\"widget\" data-widget_type=\"heading.default\">\n\t\t\t\t<div class=\"elementor-widget-container\">\n\t\t\t<style>\/*! elementor - v3.7.4 - 31-08-2022 *\/\n.elementor-heading-title{padding:0;margin:0;line-height:1}.elementor-widget-heading .elementor-heading-title[class*=elementor-size-]>a{color:inherit;font-size:inherit;line-height:inherit}.elementor-widget-heading .elementor-heading-title.elementor-size-small{font-size:15px}.elementor-widget-heading .elementor-heading-title.elementor-size-medium{font-size:19px}.elementor-widget-heading .elementor-heading-title.elementor-size-large{font-size:29px}.elementor-widget-heading .elementor-heading-title.elementor-size-xl{font-size:39px}.elementor-widget-heading .elementor-heading-title.elementor-size-xxl{font-size:59px}<\/style><h1 class=\"elementor-heading-title elementor-size-default\">Do\u00e7. Dr.\nFaruk K\u00dc\u00c7\u00dcKDURMAZ<\/h1>\t\t<\/div>\n\t\t\t\t<\/div>\n\t\t\t\t\t<\/div>\n\t\t<\/div>\n\t\t\t\t<div class=\"elementor-column elementor-col-20 elementor-top-column elementor-element elementor-element-6375026 elementor-hidden-tablet elementor-hidden-mobile\" data-id=\"6375026\" data-element_type=\"column\">\n\t\t\t<div class=\"elementor-widget-wrap\">\n\t\t\t\t\t\t\t\t\t<\/div>\n\t\t<\/div>\n\t\t\t\t\t\t\t<\/div>\n\t\t<\/section>\n\t\t\t\t<section class=\"elementor-section elementor-top-section elementor-element elementor-element-1c6585e elementor-section-boxed elementor-section-height-default elementor-section-height-default\" data-id=\"1c6585e\" data-element_type=\"section\">\n\t\t\t\t\t\t<div class=\"elementor-container elementor-column-gap-default\">\n\t\t\t\t\t<div class=\"elementor-column elementor-col-50 elementor-top-column elementor-element elementor-element-3eb36c5\" data-id=\"3eb36c5\" data-element_type=\"column\">\n\t\t\t<div class=\"elementor-widget-wrap elementor-element-populated\">\n\t\t\t\t\t\t\t\t<div class=\"elementor-element elementor-element-08355bb elementor-widget elementor-widget-image\" data-id=\"08355bb\" data-element_type=\"widget\" data-widget_type=\"image.default\">\n\t\t\t\t<div class=\"elementor-widget-container\">\n\t\t\t<style>\/*! elementor - v3.7.4 - 31-08-2022 *\/\n.elementor-widget-image{text-align:center}.elementor-widget-image a{display:inline-block}.elementor-widget-image a img[src$=\".svg\"]{width:48px}.elementor-widget-image img{vertical-align:middle;display:inline-block}<\/style>\t\t\t\t\t\t\t\t\t\t\t\t\t<a href=\"https:\/\/sankohastanesi.com.tr\/upload\/hekim\/temp\/yucel-yuksel-resim-478665_w400_h400.jpg\" data-elementor-open-lightbox=\"yes\" e-action-hash=\"#elementor-action%3Aaction%3Dlightbox%26settings%3DW10%3D\">\n\t\t\t\t\t\t\t<img decoding=\"async\" src=\"https:\/\/sankohastanesi.com.tr\/upload\/hekim\/temp\/yucel-yuksel-resim-478665_w400_h400.jpg\" title=\"\" alt=\"\" \/>\t\t\t\t\t\t\t\t<\/a>\n\t\t\t\t\t\t\t\t\t\t\t\t\t\t\t<\/div>\n\t\t\t\t<\/div>\n\t\t\t\t\t<\/div>\n\t\t<\/div>\n\t\t\t\t<div class=\"elementor-column elementor-col-50 elementor-top-column elementor-element elementor-element-63a751b\" data-id=\"63a751b\" data-element_type=\"column\">\n\t\t\t<div class=\"elementor-widget-wrap elementor-element-populated\">\n\t\t\t\t\t\t\t\t<div class=\"elementor-element elementor-element-e95b35d elementor-widget elementor-widget-text-editor\" data-id=\"e95b35d\" data-element_type=\"widget\" data-widget_type=\"text-editor.default\">\n\t\t\t\t<div class=\"elementor-widget-container\">\n\t\t\t<style>\/*! elementor - v3.7.4 - 31-08-2022 *\/\n.elementor-widget-text-editor.elementor-drop-cap-view-stacked .elementor-drop-cap{background-color:#818a91;color:#fff}.elementor-widget-text-editor.elementor-drop-cap-view-framed .elementor-drop-cap{color:#818a91;border:3px solid;background-color:transparent}.elementor-widget-text-editor:not(.elementor-drop-cap-view-default) .elementor-drop-cap{margin-top:8px}.elementor-widget-text-editor:not(.elementor-drop-cap-view-default) .elementor-drop-cap-letter{width:1em;height:1em}.elementor-widget-text-editor .elementor-drop-cap{float:right;text-align:center;line-height:1;font-size:50px}.elementor-widget-text-editor .elementor-drop-cap-letter{display:inline-block}<\/style>\t\t\t\t<p>\u0648\u0644\u062f \u0639\u0627\u0645 1978 \u0641\u064a \u0645\u0646\u0637\u0642\u0629 \u0643\u0648\u0631\u0643\u0648\u062a\u064a\u0644\u064a \u0641\u064a \u0623\u0646\u0637\u0627\u0644\u064a\u0627. \u062a\u062e\u0631\u062c \u0645\u0646 \u0643\u0644\u064a\u0629 \u0627\u0644\u0637\u0628 \u0628\u062c\u0627\u0645\u0639\u0629 \u0623\u0643\u062f\u0646\u064a\u0632 \u0641\u064a \u0639\u0627\u0645 2003. \u0628\u064a\u0646 2004-2010 \u062a\u0644\u0642\u0649 \u062a\u062f\u0631\u064a\u0628\u064b\u0627 \u0645\u062a\u062e\u0635\u0635\u064b\u0627 \u0641\u064a \u0643\u0644\u064a\u0629 \u0627\u0644\u0637\u0628 \u0628\u062c\u0627\u0645\u0639\u0629 \u0623\u0643\u062f\u0646\u064a\u0632 \u060c \u0639\u064a\u0627\u062f\u0629 \u0627\u0644\u062c\u0631\u0627\u062d\u0629 \u0627\u0644\u0639\u0627\u0645\u0629. \u062e\u0644\u0627\u0644 \u0627\u0644\u0640 18 \u0634\u0647\u0631\u064b\u0627 \u0627\u0644\u0623\u062e\u064a\u0631\u0629 \u0645\u0646 \u0641\u062a\u0631\u0629 \u0645\u0633\u0627\u0639\u062f\u062a\u0647 \u060c \u0639\u0645\u0644 \u0641\u064a \u0642\u0633\u0645 \u0632\u0631\u0627\u0639\u0629 \u0627\u0644\u0623\u0639\u0636\u0627\u0621 \u0641\u064a \u062c\u0627\u0645\u0639\u0629 \u0623\u0643\u062f\u0646\u064a\u0632 \u060c \u062d\u064a\u062b \u0623\u062c\u0631\u0649 \u0639\u0645\u0644\u064a\u0627\u062a \u062c\u0631\u0627\u062d\u064a\u0629 \u0644\u0645\u0631\u0636\u0649 \u0632\u0631\u0627\u0639\u0629 \u0627\u0644\u0643\u0628\u062f \u0648\u0627\u0644\u0643\u0644\u0649 \u0648\u0627\u0644\u0628\u0646\u0643\u0631\u064a\u0627\u0633 \u0648\u0645\u062a\u0627\u0628\u0639\u062a\u0647\u0645 \u0628\u0639\u062f \u0627\u0644\u062c\u0631\u0627\u062d\u0629.<\/p><p>\u0628\u064a\u0646 \u0623\u063a\u0633\u0637\u0633 2010 \u0648\u0623\u063a\u0633\u0637\u0633 2011 \u060c \u0639\u0645\u0644 \u0643\u062c\u0631\u0627\u062d \u0639\u0627\u0645 \u0641\u064a \u0645\u0633\u062a\u0634\u0641\u0649 \u0634\u0631\u0646\u0627\u0642 \u0627\u0644\u0639\u0633\u0643\u0631\u064a \u060c \u0642\u064a\u0627\u062f\u0629 \u0641\u0631\u0642\u0629 \u0627\u0644\u062f\u0631\u0643 \u0627\u0644\u062b\u0627\u0644\u062b\u0629 \u0648\u0627\u0644\u0639\u0634\u0631\u064a\u0646 \u0639\u0644\u0649 \u0627\u0644\u062d\u062f\u0648\u062f. \u062e\u0644\u0627\u0644 \u062e\u062f\u0645\u062a\u0647 \u0627\u0644\u0625\u062c\u0628\u0627\u0631\u064a\u0629 \u0628\u064a\u0646 \u0623\u063a\u0633\u0637\u0633 2011 \u0648\u062f\u064a\u0633\u0645\u0628\u0631 2012 \u060c \u0639\u0645\u0644 \u0643\u0623\u062e\u0635\u0627\u0626\u064a \u062c\u0631\u0627\u062d\u0629 \u0639\u0627\u0645\u0629 \u0641\u064a \u0645\u0633\u062a\u0634\u0641\u0649 Tatvan State. \u062e\u0644\u0627\u0644 \u0647\u0630\u0627 \u0627\u0644\u0648\u0642\u062a \u060c \u0634\u063a\u0644 \u0645\u0646\u0635\u0628 \u0646\u0627\u0626\u0628 \u0627\u0644\u0631\u0626\u064a\u0633 \u0627\u0644\u0637\u0628\u064a \u0644\u0645\u0633\u062a\u0634\u0641\u0649 Tatvan State \u0644\u0645\u062f\u0629 8 \u0623\u0634\u0647\u0631. \u0628\u064a\u0646 \u062f\u064a\u0633\u0645\u0628\u0631 2012 \u0648\u064a\u0648\u0646\u064a\u0648 2021 \u060c \u0639\u0645\u0644 \u0643\u0623\u062e\u0635\u0627\u0626\u064a \u0641\u064a \u0627\u0644\u062c\u0631\u0627\u062d\u0629 \u0627\u0644\u0639\u0627\u0645\u0629 \u0641\u064a \u0645\u0631\u0643\u0632 \u0632\u0631\u0627\u0639\u0629 \u0627\u0644\u0623\u0639\u0636\u0627\u0621 \u0641\u064a \u0623\u0646\u0637\u0627\u0644\u064a\u0627. \u062e\u0644\u0627\u0644 \u0627\u0644\u0641\u062a\u0631\u0629 \u0627\u0644\u062a\u064a \u0642\u0636\u0627\u0647\u0627 \u0641\u064a \u0645\u0631\u0643\u0632 \u0632\u0631\u0627\u0639\u0629 \u0627\u0644\u0623\u0639\u0636\u0627\u0621 \u060c \u062d\u0636\u0631 \u0623\u0643\u062b\u0631 \u0645\u0646 3500 \u0639\u0645\u0644\u064a\u0629 \u0632\u0631\u0639 \u0643\u0644\u0649 (350 \u0637\u0641\u0644\u064b\u0627) \u0648\u0623\u0643\u062b\u0631 \u0645\u0646 500 \u0639\u0645\u0644\u064a\u0629 \u0632\u0631\u0639 \u0643\u0628\u062f.<\/p><p>\u0623\u062c\u0631\u0649 \u0623\u0643\u062b\u0631 \u0645\u0646 1500 \u0639\u0645\u0644\u064a\u0629 \u062c\u0631\u0627\u062d\u064a\u0629 \u0628\u0627\u0644\u0645\u0646\u0638\u0627\u0631 (\u0646\u0647\u062c \u0645\u063a\u0644\u0642) \u0644\u0644\u062a\u0628\u0631\u0639 \u0628\u0627\u0644\u0643\u0644\u0649 \u0648\u062a\u0627\u0628\u0639 \u0647\u0624\u0644\u0627\u0621 \u0627\u0644\u0645\u0631\u0636\u0649.<\/p><p>\u0623\u0635\u0628\u062d &#8220;\u0623\u0633\u062a\u0627\u0630\u064b\u0627 \u0645\u0633\u0627\u0639\u062f\u064b\u0627&#8221; \u0641\u064a \u0645\u0627\u064a\u0648 2020. \u062a\u0634\u0645\u0644 \u0645\u062c\u0627\u0644\u0627\u062a \u0627\u0647\u062a\u0645\u0627\u0645\u0647 \u0632\u0631\u0627\u0639\u0629 \u0627\u0644\u0643\u0644\u0649 \u0648\u0627\u0644\u0643\u0628\u062f \u0648\u0627\u0644\u0623\u0645\u0639\u0627\u0621 \u0627\u0644\u062f\u0642\u064a\u0642\u0629 \u0648\u0627\u0644\u063a\u0644\u064a\u0638\u0629 \u0648\u0627\u0644\u0643\u0628\u062f \u0648\u0623\u0648\u0631\u0627\u0645 \u0627\u0644\u0643\u0644\u0649 \u0648\u0627\u0644\u062c\u0631\u0627\u062d\u0629 \u0627\u0644\u0645\u0641\u062a\u0648\u062d\u0629 \u0648\u0627\u0644\u062c\u0631\u0627\u062d\u0629 \u0628\u0627\u0644\u0645\u0646\u0638\u0627\u0631 \u0644\u0647\u0630\u0647 \u0627\u0644\u0623\u0648\u0631\u0627\u0645 \u060c Assoc. \u0627\u0644\u062f\u0643\u062a\u0648\u0631 \u064a\u0648\u0643\u0633\u064a\u0644 \u0645\u062a\u0632\u0648\u062c \u0648\u0644\u0647 \u0648\u0644\u062f\u0627\u0646.<\/p>\t\t\t\t\t\t<\/div>\n\t\t\t\t<\/div>\n\t\t\t\t\t<\/div>\n\t\t<\/div>\n\t\t\t\t\t\t\t<\/div>\n\t\t<\/section>\n\t\t\t\t<section class=\"elementor-section elementor-top-section elementor-element elementor-element-25562f7 elementor-section-boxed elementor-section-height-default elementor-section-height-default\" data-id=\"25562f7\" data-element_type=\"section\" data-settings=\"{&quot;background_background&quot;:&quot;classic&quot;}\">\n\t\t\t\t\t\t<div class=\"elementor-container elementor-column-gap-default\">\n\t\t\t\t\t<div class=\"elementor-column elementor-col-100 elementor-top-column elementor-element elementor-element-929984b\" data-id=\"929984b\" data-element_type=\"column\">\n\t\t\t<div class=\"elementor-widget-wrap elementor-element-populated\">\n\t\t\t\t\t\t\t\t<div class=\"elementor-element elementor-element-c2f922e elementor-widget elementor-widget-heading\" data-id=\"c2f922e\" data-element_type=\"widget\" data-widget_type=\"heading.default\">\n\t\t\t\t<div class=\"elementor-widget-container\">\n\t\t\t<h2 class=\"elementor-heading-title elementor-size-default\">\u0627\u0644\u0648\u062d\u062f\u0627\u062a \u0627\u0644\u0637\u0628\u064a\u0629<\/h2>\t\t<\/div>\n\t\t\t\t<\/div>\n\t\t\t\t<div class=\"elementor-element elementor-element-3cbf42d elementor-widget elementor-widget-text-editor\" data-id=\"3cbf42d\" data-element_type=\"widget\" data-widget_type=\"text-editor.default\">\n\t\t\t\t<div class=\"elementor-widget-container\">\n\t\t\t\t\t\t\t<p>\u064a\u0645\u0643\u0646\u0643 \u0627\u0644\u0628\u062d\u062b \u0639\u0646 \u0637\u0631\u064a\u0642 \u0627\u0644\u0642\u0633\u0645 \u0623\u0648 \u0628\u0627\u0633\u0645 \u0627\u0644\u0637\u0628\u064a\u0628.<\/p>\t\t\t\t\t\t<\/div>\n\t\t\t\t<\/div>\n\t\t\t\t<div class=\"elementor-element elementor-element-94a06ed hfe-search-layout-icon_text elementor-widget elementor-widget-hfe-search-button\" data-id=\"94a06ed\" data-element_type=\"widget\" data-settings=\"{&quot;size&quot;:{&quot;unit&quot;:&quot;px&quot;,&quot;size&quot;:50,&quot;sizes&quot;:[]},&quot;size_tablet&quot;:{&quot;unit&quot;:&quot;px&quot;,&quot;size&quot;:&quot;&quot;,&quot;sizes&quot;:[]},&quot;size_mobile&quot;:{&quot;unit&quot;:&quot;px&quot;,&quot;size&quot;:&quot;&quot;,&quot;sizes&quot;:[]},&quot;icon_size&quot;:{&quot;unit&quot;:&quot;px&quot;,&quot;size&quot;:&quot;16&quot;,&quot;sizes&quot;:[]},&quot;icon_size_tablet&quot;:{&quot;unit&quot;:&quot;px&quot;,&quot;size&quot;:&quot;&quot;,&quot;sizes&quot;:[]},&quot;icon_size_mobile&quot;:{&quot;unit&quot;:&quot;px&quot;,&quot;size&quot;:&quot;&quot;,&quot;sizes&quot;:[]},&quot;button_width&quot;:{&quot;unit&quot;:&quot;px&quot;,&quot;size&quot;:&quot;&quot;,&quot;sizes&quot;:[]},&quot;button_width_tablet&quot;:{&quot;unit&quot;:&quot;px&quot;,&quot;size&quot;:&quot;&quot;,&quot;sizes&quot;:[]},&quot;button_width_mobile&quot;:{&quot;unit&quot;:&quot;px&quot;,&quot;size&quot;:&quot;&quot;,&quot;sizes&quot;:[]},&quot;close_icon_size&quot;:{&quot;unit&quot;:&quot;px&quot;,&quot;size&quot;:&quot;20&quot;,&quot;sizes&quot;:[]},&quot;close_icon_size_tablet&quot;:{&quot;unit&quot;:&quot;px&quot;,&quot;size&quot;:&quot;&quot;,&quot;sizes&quot;:[]},&quot;close_icon_size_mobile&quot;:{&quot;unit&quot;:&quot;px&quot;,&quot;size&quot;:&quot;&quot;,&quot;sizes&quot;:[]}}\" data-widget_type=\"hfe-search-button.default\">\n\t\t\t\t<div class=\"elementor-widget-container\">\n\t\t\t\t\t<form class=\"hfe-search-button-wrapper\" role=\"search\" action=\"https:\/\/ar.sankohastanesi.com.tr\/ar\" method=\"get\">\n\t\t\t\t\t\t<div class=\"hfe-search-form__container\" role=\"tablist\">\n\t\t\t\t\t\t\t\t\t<input placeholder=\"\u06af\u06d5\u0695\u0627\u0646\" class=\"hfe-search-form__input\" type=\"search\" name=\"s\" title=\"Search\" value=\"\">\n\t\t\t\t\t<button id=\"clear-with-button\" type=\"reset\">\n\t\t\t\t\t\t<i class=\"fas fa-times\" aria-hidden=\"true\"><\/i>\n\t\t\t\t\t<\/button>\n\t\t\t\t\t<button class=\"hfe-search-submit\" type=\"submit\">\n\t\t\t\t\t\t<i class=\"fas fa-search\" aria-hidden=\"true\"><\/i>\n\t\t\t\t\t<\/button>\n\t\t\t\t\t\t\t<\/div>\n\t\t\t\t<\/form>\n\t\t\t\t<\/div>\n\t\t\t\t<\/div>\n\t\t\t\t\t<\/div>\n\t\t<\/div>\n\t\t\t\t\t\t\t<\/div>\n\t\t<\/section>\n\t\t\t\t\t\t\t<\/div>\n\t\t","protected":false},"excerpt":{"rendered":"<p>\u067e\u0632\u06cc\u0634\u06a9\u06cc \u0686\u0627\u0648 Do\u00e7. Dr. Faruk K\u00dc\u00c7\u00dcKDURMAZ \u0648\u0644\u062f \u0639\u0627\u0645 1978 \u0641\u064a \u0645\u0646\u0637\u0642\u0629 \u0643\u0648\u0631\u0643\u0648\u062a\u064a\u0644\u064a \u0641\u064a \u0623\u0646\u0637\u0627\u0644\u064a\u0627. \u062a\u062e\u0631\u062c \u0645\u0646 \u0643\u0644\u064a\u0629 \u0627\u0644\u0637\u0628 \u0628\u062c\u0627\u0645\u0639\u0629 \u0623\u0643\u062f\u0646\u064a\u0632 \u0641\u064a \u0639\u0627\u0645 2003. \u0628\u064a\u0646 2004-2010 \u062a\u0644\u0642\u0649 \u062a\u062f\u0631\u064a\u0628\u064b\u0627 \u0645\u062a\u062e\u0635\u0635\u064b\u0627 \u0641\u064a \u0643\u0644\u064a\u0629 \u0627\u0644\u0637\u0628 \u0628\u062c\u0627\u0645\u0639\u0629 \u0623\u0643\u062f\u0646\u064a\u0632 \u060c \u0639\u064a\u0627\u062f\u0629 \u0627\u0644\u062c\u0631\u0627\u062d\u0629 \u0627\u0644\u0639\u0627\u0645\u0629. \u062e\u0644\u0627\u0644 \u0627\u0644\u0640 18 \u0634\u0647\u0631\u064b\u0627 \u0627\u0644\u0623\u062e\u064a\u0631\u0629 \u0645\u0646 \u0641\u062a\u0631\u0629 \u0645\u0633\u0627\u0639\u062f\u062a\u0647 \u060c \u0639\u0645\u0644 \u0641\u064a \u0642\u0633\u0645 \u0632\u0631\u0627\u0639\u0629 \u0627\u0644\u0623\u0639\u0636\u0627\u0621 \u0641\u064a \u062c\u0627\u0645\u0639\u0629 \u0623\u0643\u062f\u0646\u064a\u0632 \u060c [&hellip;]<\/p>\n","protected":false},"author":1,"featured_media":0,"parent":0,"menu_order":0,"comment_status":"closed","ping_status":"closed","template":"elementor_header_footer","meta":{"footnotes":""},"class_list":["post-2395","page","type-page","status-publish","hentry"],"_links":{"self":[{"href":"https:\/\/ar.sankohastanesi.com.tr\/ar\/wp-json\/wp\/v2\/pages\/2395","targetHints":{"allow":["GET"]}}],"collection":[{"href":"https:\/\/ar.sankohastanesi.com.tr\/ar\/wp-json\/wp\/v2\/pages"}],"about":[{"href":"https:\/\/ar.sankohastanesi.com.tr\/ar\/wp-json\/wp\/v2\/types\/page"}],"author":[{"embeddable":true,"href":"https:\/\/ar.sankohastanesi.com.tr\/ar\/wp-json\/wp\/v2\/users\/1"}],"replies":[{"embeddable":true,"href":"https:\/\/ar.sankohastanesi.com.tr\/ar\/wp-json\/wp\/v2\/comments?post=2395"}],"version-history":[{"count":7,"href":"https:\/\/ar.sankohastanesi.com.tr\/ar\/wp-json\/wp\/v2\/pages\/2395\/revisions"}],"predecessor-version":[{"id":3111,"href":"https:\/\/ar.sankohastanesi.com.tr\/ar\/wp-json\/wp\/v2\/pages\/2395\/revisions\/3111"}],"wp:attachment":[{"href":"https:\/\/ar.sankohastanesi.com.tr\/ar\/wp-json\/wp\/v2\/media?parent=2395"}],"curies":[{"name":"wp","href":"https:\/\/api.w.org\/{rel}","templated":true}]}}